{"id":802,"date":"2025-05-07T12:04:57","date_gmt":"2025-05-07T10:04:57","guid":{"rendered":"https:\/\/agueda.eu\/cookies-politika\/"},"modified":"2025-05-12T12:51:21","modified_gmt":"2025-05-12T10:51:21","slug":"cookies-politika","status":"publish","type":"page","link":"https:\/\/agueda.eu\/eu\/cookies-politika\/","title":{"rendered":"Cookies Politika"},"content":{"rendered":"\t\t<div data-elementor-type=\"wp-page\" data-elementor-id=\"802\" class=\"elementor elementor-802 elementor-775\" data-elementor-post-type=\"page\">\n\t\t\t\t<div class=\"elementor-element elementor-element-c4b8845 e-flex e-con-boxed e-con e-parent\" data-id=\"c4b8845\" data-element_type=\"container\" data-e-type=\"container\">\n\t\t\t\t\t<div class=\"e-con-inner\">\n\t\t\t\t<div class=\"elementor-element elementor-element-9b16ca9 elementor-widget elementor-widget-heading\" data-id=\"9b16ca9\" data-element_type=\"widget\" data-e-type=\"widget\" data-widget_type=\"heading.default\">\n\t\t\t\t<div class=\"elementor-widget-container\">\n\t\t\t\t\t<h2 class=\"elementor-heading-title elementor-size-default\">Cookies Politika<\/h2>\t\t\t\t<\/div>\n\t\t\t\t<\/div>\n\t\t\t\t\t<\/div>\n\t\t\t\t<\/div>\n\t\t<div class=\"elementor-element elementor-element-e0e0945 e-flex e-con-boxed e-con e-parent\" data-id=\"e0e0945\" data-element_type=\"container\" data-e-type=\"container\">\n\t\t\t\t\t<div class=\"e-con-inner\">\n\t\t\t\t<div class=\"elementor-element elementor-element-6ad913e9 elementor-widget elementor-widget-text-editor\" data-id=\"6ad913e9\" data-element_type=\"widget\" data-e-type=\"widget\" data-widget_type=\"text-editor.default\">\n\t\t\t\t<div class=\"elementor-widget-container\">\n\t\t\t\t\t\t\t\t\t<p><b>Qu\u00e9 es una cookie?<\/b><\/p><p>Es un fichero que se descarga en su ordenador u otro dispositivo al acceder a determinadas p\u00e1ginas web que recogen informaci\u00f3n sobre su navegaci\u00f3n en dicho sitio web. En algunos casos las cookies resultan necesarias para facilitar la navegaci\u00f3n y permiten almacenar y recuperar informaci\u00f3n sobre los h\u00e1bitos de navegaci\u00f3n de un usuario o de su equipo, entre otras cosas y, seg\u00fan la informaci\u00f3n que contengan y de la forma en que utilice su equipo, pueden utilizarse para reconocer al usuario. <\/p><p><b>Identificaci\u00f3n de cookies utilizadas<\/b><\/p><p>Siguiendo las directrices establecidas por la Agencia Espa\u00f1ola de Protecci\u00f3n de Datos, las cookies empleadas en esta web se clasifican de la siguiente forma:<\/p><ul><li><b>Cookies propias:<\/b> Son aqu\u00e9llas que se env\u00edan al equipo terminal del usuario desde un equipo o dominio gestionado por el propio editor y desde el que se presta el servicio solicitado por el usuario.<\/li><li><b>Cookies de tercero<\/b>: Son aqu\u00e9llas que se env\u00edan al equipo terminal del usuario desde un equipo o dominio que no es gestionado por el editor, sino por otra entidad que trata los datos obtenidos trav\u00e9s de las cookies.<\/li><li><b>Cookies de sesi\u00f3n<\/b>: Recaban y almacenan datos mientras el usuario accede a una p\u00e1gina web.<\/li><li><b>Cookies t\u00e9cnicas<\/b>: Permiten al usuario la navegaci\u00f3n a trav\u00e9s de una p\u00e1gina web, plataforma o aplicaci\u00f3n y la utilizaci\u00f3n de las diferentes opciones o servicios que en ella existan.<\/li><li><b>Cookies de personalizaci\u00f3n<\/b>: Permiten al usuario acceder al servicio con algunas caracter\u00edsticas de car\u00e1cter general predefinidas en funci\u00f3n de una serie de criterios en el terminal del usuario como por ejemplo serian el idioma, el tipo de navegador a trav\u00e9s del cual accede al servicio, la configuraci\u00f3n regional desde donde accede al servicio, etc.<\/li><li><b>Cookies de an\u00e1lisis<\/b>: Permiten al responsable de las mismas, el seguimiento y an\u00e1lisis del comportamiento de los usuarios de los sitios web a los que est\u00e1n vinculadas. La informaci\u00f3n recogida mediante este tipo de cookies se utiliza en la medici\u00f3n de la actividad de los sitios web, aplicaci\u00f3n o plataforma y para la elaboraci\u00f3n de perfiles de navegaci\u00f3n de los usuarios de dichos sitios, aplicaciones y plataformas, con el fin de introducir mejoras en funci\u00f3n del an\u00e1lisis de los datos de uso que hacen los usuarios del servicio. <\/li><\/ul><p>La siguiente tabla muestra las cookies propias y de terceros de la web y la finalidad para la que se utiliza cada una.cookies estrictamente necesarias<\/p><p>Estas cookies son necesarias para que el sitio web funcione y no se pueden desactivar en nuestros sistemas. Usualmente est\u00e1n configuradas para responder a acciones hechas por usted para recibir servicios, tales como ajustar sus preferencias de privacidad, iniciar sesi\u00f3n en el sitio, o llenar formularios. Usted puede configurar su navegador para bloquear o alertar la presencia de estas cookies, pero algunas partes del sitio web no funcionar\u00e1n. Estas cookies no guardan ninguna informaci\u00f3n personal identificable.   <\/p><p><b>Subgrupo de cookies <\/b> <b> Cookies <\/b> <b> Cookies utilizadas<\/b> <b> <\/b> <b>Vida \u00fatil<\/b><\/p><p>Web de empresa OptanonConsent, OptanonAlertBoxClosed 1st Party 365 D\u00edas, 365 D\u00edas<\/p><p>Web de empresa adaptive_image, has_js 1st Party Sesi\u00f3n, Sesi\u00f3n<\/p><p><b>Cookies anal\u00edticas<\/b><\/p><p>Estas cookies nos permiten contar las visitas y fuentes de circulaci\u00f3n para poder medir y mejorar el desempe\u00f1o de nuestro sitio. Nos ayudan a saber qu\u00e9 p\u00e1ginas son las m\u00e1s o menos populares, y ver cu\u00e1ntas personas visitan el sitio. Toda la informaci\u00f3n que recogen estas cookies es agregada y, por lo tanto, an\u00f3nima. Si no permite estas cookies no sabremos cu\u00e1ndo visit\u00f3 nuestro sitio, y por lo tanto no podremos saber cu\u00e1ndo lo visit\u00f3.   <\/p><p><b>Subgrupo de cookies<\/b> <b> Cookies <\/b> <b> Cookies utilizadas <\/b> <b> Vida \u00fatil<\/b><\/p><p>Web de empresa _ga, _gid, _gat 1st Party 730 D\u00edas, 1 D\u00edas, 0 D\u00edas<\/p><p><b>Cookies publicitarias<\/b><\/p><p>Estas cookies pueden estar en todo el sitio web, colocadas por nuestros socios publicitarios. Estos negocios pueden utilizarlas para crear un perfil de sus intereses y mostrarle anuncios relevantes en otros sitios. No almacenan informaci\u00f3n personal directamente, sino que se basan en la identificaci\u00f3n \u00fanica de su navegador y dispositivo de acceso al Internet. Si no permite estas cookies, tendr\u00e1 menos publicidad dirigida.   <\/p><p><b>Subgrupo de cookies <\/b> <b> Cookies <\/b> <b> Cookies utilizadas <\/b> <b> Vida \u00fatil<\/b><\/p><p>google.com NID 3rd Party 183 D\u00edas<\/p><p>doubleclick.net test_cookie, IDE 3rd Party 0 D\u00edas, 390 D\u00edas<\/p><p>youtube.com GPS, VISITOR_INFO1_LIVE, YSC 3rd Party 0 D\u00edas, 180 D\u00edas, Sesi\u00f3n<\/p><p><b>CONFIGURAR O RECHAZAR COOKIES<\/b><\/p><p>LA EMPRESA desea poner de manifiesto que la variaci\u00f3n de las cookies que aparezcan en esta web puede no estar relacionada con la gesti\u00f3n y el mantenimiento de la misma, por lo que se llevan a cabo revisiones peri\u00f3dicas para adecuar su pol\u00edtica de cookies.<\/p><p>LA EMPRESA no asume ninguna responsabilidad por problemas legales o t\u00e9cnicos causados por el incumplimiento por parte del USUARIO de las recomendaciones incluidas. Esta comunicaci\u00f3n se realiza para el conocimiento y uso de los usuarios, por consiguiente, no debe utilizarse para ninguna otra finalidad. <\/p><p>LA EMPRESA no se hace responsable del contenido y veracidad de las pol\u00edticas de privacidad de los terceros incluidas en esta pol\u00edtica de cookies.<\/p><p><b>Actualizaciones y cambios en la Pol\u00edtica de Cookies.<\/b><\/p><p>La Web de LA EMPRESA podr\u00e1 modificar esta Pol\u00edtica de Cookies en funci\u00f3n de exigencias legislativas, reglamentarias, o con la finalidad de adaptar dicha pol\u00edtica a las instrucciones dictadas por la Agencia Espa\u00f1ola de Protecci\u00f3n de Datos, por ello se aconseja a los Usuarios que la visiten peri\u00f3dicamente.<\/p>\t\t\t\t\t\t\t\t<\/div>\n\t\t\t\t<\/div>\n\t\t\t\t\t<\/div>\n\t\t\t\t<\/div>\n\t\t\t\t<\/div>\n\t\t","protected":false},"excerpt":{"rendered":"<p>Cookies Politika Qu\u00e9 es una cookie? Es un fichero que se descarga en su ordenador u otro dispositivo al acceder a determinadas p\u00e1ginas web que recogen informaci\u00f3n sobre su navegaci\u00f3n en dicho sitio web. En algunos casos las cookies resultan necesarias para facilitar la navegaci\u00f3n y permiten almacenar y recuperar informaci\u00f3n sobre los h\u00e1bitos de [&hellip;]<\/p>\n","protected":false},"author":1,"featured_media":0,"parent":0,"menu_order":0,"comment_status":"closed","ping_status":"closed","template":"","meta":{"footnotes":""},"class_list":["post-802","page","type-page","status-publish","hentry"],"yoast_head":"<!-- This site is optimized with the Yoast SEO plugin v27.2 - https:\/\/yoast.com\/product\/yoast-seo-wordpress\/ -->\n<title>Cookies Politika - Agueda Enpresa Zerbitzuak<\/title>\n<meta name=\"robots\" content=\"index, follow, max-snippet:-1, max-image-preview:large, max-video-preview:-1\" \/>\n<link rel=\"canonical\" href=\"https:\/\/agueda.eu\/eu\/cookies-politika\/\" \/>\n<meta property=\"og:locale\" content=\"eu_ES\" \/>\n<meta property=\"og:type\" content=\"article\" \/>\n<meta property=\"og:title\" content=\"Cookies Politika - Agueda Enpresa Zerbitzuak\" \/>\n<meta property=\"og:description\" content=\"Cookies Politika Qu\u00e9 es una cookie? Es un fichero que se descarga en su ordenador u otro dispositivo al acceder a determinadas p\u00e1ginas web que recogen informaci\u00f3n sobre su navegaci\u00f3n en dicho sitio web. En algunos casos las cookies resultan necesarias para facilitar la navegaci\u00f3n y permiten almacenar y recuperar informaci\u00f3n sobre los h\u00e1bitos de [&hellip;]\" \/>\n<meta property=\"og:url\" content=\"https:\/\/agueda.eu\/eu\/cookies-politika\/\" \/>\n<meta property=\"og:site_name\" content=\"Agueda Enpresa Zerbitzuak\" \/>\n<meta property=\"article:modified_time\" content=\"2025-05-12T10:51:21+00:00\" \/>\n<meta name=\"twitter:card\" content=\"summary_large_image\" \/>\n<meta name=\"twitter:label1\" content=\"Est. reading time\" \/>\n\t<meta name=\"twitter:data1\" content=\"5 minutes\" \/>\n<script type=\"application\/ld+json\" class=\"yoast-schema-graph\">{\"@context\":\"https:\/\/schema.org\",\"@graph\":[{\"@type\":\"WebPage\",\"@id\":\"https:\/\/agueda.eu\/eu\/cookies-politika\/\",\"url\":\"https:\/\/agueda.eu\/eu\/cookies-politika\/\",\"name\":\"Cookies Politika - Agueda Enpresa Zerbitzuak\",\"isPartOf\":{\"@id\":\"https:\/\/agueda.eu\/eu\/#website\"},\"datePublished\":\"2025-05-07T10:04:57+00:00\",\"dateModified\":\"2025-05-12T10:51:21+00:00\",\"breadcrumb\":{\"@id\":\"https:\/\/agueda.eu\/eu\/cookies-politika\/#breadcrumb\"},\"inLanguage\":\"eu-ES\",\"potentialAction\":[{\"@type\":\"ReadAction\",\"target\":[\"https:\/\/agueda.eu\/eu\/cookies-politika\/\"]}]},{\"@type\":\"BreadcrumbList\",\"@id\":\"https:\/\/agueda.eu\/eu\/cookies-politika\/#breadcrumb\",\"itemListElement\":[{\"@type\":\"ListItem\",\"position\":1,\"name\":\"Portada\",\"item\":\"https:\/\/agueda.eu\/eu\/agd-enpresa-zerbitzuak\/\"},{\"@type\":\"ListItem\",\"position\":2,\"name\":\"Cookies Politika\"}]},{\"@type\":\"WebSite\",\"@id\":\"https:\/\/agueda.eu\/eu\/#website\",\"url\":\"https:\/\/agueda.eu\/eu\/\",\"name\":\"Agueda Servicios Empresariales\",\"description\":\"AGD es un despacho profesional creado en 1.994, integrado por economistas, y que cuenta con una oficina en IRUN.\",\"publisher\":{\"@id\":\"https:\/\/agueda.eu\/eu\/#organization\"},\"potentialAction\":[{\"@type\":\"SearchAction\",\"target\":{\"@type\":\"EntryPoint\",\"urlTemplate\":\"https:\/\/agueda.eu\/eu\/?s={search_term_string}\"},\"query-input\":{\"@type\":\"PropertyValueSpecification\",\"valueRequired\":true,\"valueName\":\"search_term_string\"}}],\"inLanguage\":\"eu-ES\"},{\"@type\":\"Organization\",\"@id\":\"https:\/\/agueda.eu\/eu\/#organization\",\"name\":\"Agueda Enpresa Zerbitzuak\",\"url\":\"https:\/\/agueda.eu\/eu\/\",\"logo\":{\"@type\":\"ImageObject\",\"inLanguage\":\"eu-ES\",\"@id\":\"https:\/\/agueda.eu\/eu\/#\/schema\/logo\/image\/\",\"url\":\"https:\/\/agueda.eu\/wp-content\/uploads\/2025\/03\/agd-servicios-empresariales-logotipo.png\",\"contentUrl\":\"https:\/\/agueda.eu\/wp-content\/uploads\/2025\/03\/agd-servicios-empresariales-logotipo.png\",\"width\":500,\"height\":113,\"caption\":\"Agueda Enpresa Zerbitzuak\"},\"image\":{\"@id\":\"https:\/\/agueda.eu\/eu\/#\/schema\/logo\/image\/\"}}]}<\/script>\n<!-- \/ Yoast SEO plugin. -->","yoast_head_json":{"title":"Cookies Politika - Agueda Enpresa Zerbitzuak","robots":{"index":"index","follow":"follow","max-snippet":"max-snippet:-1","max-image-preview":"max-image-preview:large","max-video-preview":"max-video-preview:-1"},"canonical":"https:\/\/agueda.eu\/eu\/cookies-politika\/","og_locale":"eu_ES","og_type":"article","og_title":"Cookies Politika - Agueda Enpresa Zerbitzuak","og_description":"Cookies Politika Qu\u00e9 es una cookie? Es un fichero que se descarga en su ordenador u otro dispositivo al acceder a determinadas p\u00e1ginas web que recogen informaci\u00f3n sobre su navegaci\u00f3n en dicho sitio web. En algunos casos las cookies resultan necesarias para facilitar la navegaci\u00f3n y permiten almacenar y recuperar informaci\u00f3n sobre los h\u00e1bitos de [&hellip;]","og_url":"https:\/\/agueda.eu\/eu\/cookies-politika\/","og_site_name":"Agueda Enpresa Zerbitzuak","article_modified_time":"2025-05-12T10:51:21+00:00","twitter_card":"summary_large_image","twitter_misc":{"Est. reading time":"5 minutes"},"schema":{"@context":"https:\/\/schema.org","@graph":[{"@type":"WebPage","@id":"https:\/\/agueda.eu\/eu\/cookies-politika\/","url":"https:\/\/agueda.eu\/eu\/cookies-politika\/","name":"Cookies Politika - Agueda Enpresa Zerbitzuak","isPartOf":{"@id":"https:\/\/agueda.eu\/eu\/#website"},"datePublished":"2025-05-07T10:04:57+00:00","dateModified":"2025-05-12T10:51:21+00:00","breadcrumb":{"@id":"https:\/\/agueda.eu\/eu\/cookies-politika\/#breadcrumb"},"inLanguage":"eu-ES","potentialAction":[{"@type":"ReadAction","target":["https:\/\/agueda.eu\/eu\/cookies-politika\/"]}]},{"@type":"BreadcrumbList","@id":"https:\/\/agueda.eu\/eu\/cookies-politika\/#breadcrumb","itemListElement":[{"@type":"ListItem","position":1,"name":"Portada","item":"https:\/\/agueda.eu\/eu\/agd-enpresa-zerbitzuak\/"},{"@type":"ListItem","position":2,"name":"Cookies Politika"}]},{"@type":"WebSite","@id":"https:\/\/agueda.eu\/eu\/#website","url":"https:\/\/agueda.eu\/eu\/","name":"Agueda Servicios Empresariales","description":"AGD es un despacho profesional creado en 1.994, integrado por economistas, y que cuenta con una oficina en IRUN.","publisher":{"@id":"https:\/\/agueda.eu\/eu\/#organization"},"potentialAction":[{"@type":"SearchAction","target":{"@type":"EntryPoint","urlTemplate":"https:\/\/agueda.eu\/eu\/?s={search_term_string}"},"query-input":{"@type":"PropertyValueSpecification","valueRequired":true,"valueName":"search_term_string"}}],"inLanguage":"eu-ES"},{"@type":"Organization","@id":"https:\/\/agueda.eu\/eu\/#organization","name":"Agueda Enpresa Zerbitzuak","url":"https:\/\/agueda.eu\/eu\/","logo":{"@type":"ImageObject","inLanguage":"eu-ES","@id":"https:\/\/agueda.eu\/eu\/#\/schema\/logo\/image\/","url":"https:\/\/agueda.eu\/wp-content\/uploads\/2025\/03\/agd-servicios-empresariales-logotipo.png","contentUrl":"https:\/\/agueda.eu\/wp-content\/uploads\/2025\/03\/agd-servicios-empresariales-logotipo.png","width":500,"height":113,"caption":"Agueda Enpresa Zerbitzuak"},"image":{"@id":"https:\/\/agueda.eu\/eu\/#\/schema\/logo\/image\/"}}]}},"_links":{"self":[{"href":"https:\/\/agueda.eu\/eu\/wp-json\/wp\/v2\/pages\/802","targetHints":{"allow":["GET"]}}],"collection":[{"href":"https:\/\/agueda.eu\/eu\/wp-json\/wp\/v2\/pages"}],"about":[{"href":"https:\/\/agueda.eu\/eu\/wp-json\/wp\/v2\/types\/page"}],"author":[{"embeddable":true,"href":"https:\/\/agueda.eu\/eu\/wp-json\/wp\/v2\/users\/1"}],"replies":[{"embeddable":true,"href":"https:\/\/agueda.eu\/eu\/wp-json\/wp\/v2\/comments?post=802"}],"version-history":[{"count":3,"href":"https:\/\/agueda.eu\/eu\/wp-json\/wp\/v2\/pages\/802\/revisions"}],"predecessor-version":[{"id":805,"href":"https:\/\/agueda.eu\/eu\/wp-json\/wp\/v2\/pages\/802\/revisions\/805"}],"wp:attachment":[{"href":"https:\/\/agueda.eu\/eu\/wp-json\/wp\/v2\/media?parent=802"}],"curies":[{"name":"wp","href":"https:\/\/api.w.org\/{rel}","templated":true}]}}