{"id":810,"date":"2025-02-11T09:31:37","date_gmt":"2025-02-11T08:31:37","guid":{"rendered":"https:\/\/agueda.eu\/pribatutasun-politika\/"},"modified":"2025-05-12T13:00:32","modified_gmt":"2025-05-12T11:00:32","slug":"pribatutasun-politika","status":"publish","type":"page","link":"https:\/\/agueda.eu\/eu\/pribatutasun-politika\/","title":{"rendered":"Pribatutasun Politika"},"content":{"rendered":"\t\t<div data-elementor-type=\"wp-page\" data-elementor-id=\"810\" class=\"elementor elementor-810 elementor-3\" data-elementor-post-type=\"page\">\n\t\t\t\t<div class=\"elementor-element elementor-element-c6f7a1f e-flex e-con-boxed e-con e-parent\" data-id=\"c6f7a1f\" data-element_type=\"container\" data-e-type=\"container\">\n\t\t\t\t\t<div class=\"e-con-inner\">\n\t\t\t\t<div class=\"elementor-element elementor-element-ef7aa1e elementor-widget elementor-widget-heading\" data-id=\"ef7aa1e\" data-element_type=\"widget\" data-e-type=\"widget\" data-widget_type=\"heading.default\">\n\t\t\t\t<div class=\"elementor-widget-container\">\n\t\t\t\t\t<h2 class=\"elementor-heading-title elementor-size-default\">Pribatutasun Politika<\/h2>\t\t\t\t<\/div>\n\t\t\t\t<\/div>\n\t\t\t\t\t<\/div>\n\t\t\t\t<\/div>\n\t\t<div class=\"elementor-element elementor-element-e0e0945 e-flex e-con-boxed e-con e-parent\" data-id=\"e0e0945\" data-element_type=\"container\" data-e-type=\"container\">\n\t\t\t\t\t<div class=\"e-con-inner\">\n\t\t\t\t<div class=\"elementor-element elementor-element-6ad913e9 elementor-widget elementor-widget-text-editor\" data-id=\"6ad913e9\" data-element_type=\"widget\" data-e-type=\"widget\" data-widget_type=\"text-editor.default\">\n\t\t\t\t<div class=\"elementor-widget-container\">\n\t\t\t\t\t\t\t\t\t<p><b>RESPONSABLE DEL TRATAMIENTO<\/b><\/p><p>Raz\u00f3n social: AGUEDA SERVICIOS EMPRESARIALES SLen adelante: EL RESPONSABLE<\/p><p>NIF: B20522033<\/p><p>Direcci\u00f3n: LUIS MARIANO 14 2 B (20302) IRUN GIPUZKOA<\/p><p>Mail: <a href=\"mailto:agd@agueda.eu\" target=\"_blank\" rel=\"noopener\">agd@agueda.eu<\/a><\/p><p>Mail Dpo: <a href=\"mailto:eduardo.serviciosjuridicos@gmail.com\" target=\"_blank\" rel=\"noopener\">eduardo.serviciosjuridicos@gmail.com<\/a><\/p><p><b>FINALIDAD<\/b><\/p><p>El RESPONSABLE informa a los usuarios del sitio web sobre su pol\u00edtica respecto del tratamiento y protecci\u00f3n de los datos de car\u00e1cter personal de los usuarios y clientes que puedan ser recabados por la navegaci\u00f3n o contrataci\u00f3n de servicios a trav\u00e9s de su sitio web. En este sentido, el RESPONSABLE garantiza el cumplimiento de la normativa vigente en materia de protecci\u00f3n de datos personales, reflejada en el RGPD 2016\/679 y la LOPD GDD 03\/2018. El uso de esta web implica la aceptaci\u00f3n de esta pol\u00edtica de privacidad.  <\/p><p>El RESPONSABLE tiene el deber de informar a los usuarios de su sitio web acerca de la recogida de datos de car\u00e1cter personal que pueden llevarse a cabo:<\/p><p>Mediante el env\u00edo de correo electr\u00f3nico y formulario de recogida de datos.<\/p><p>En este sentido, el RESPONSABLE de la Web ser\u00e1 considerado como responsable del tratamiento de los datos recabados mediante los medios anteriormente descritos. A su vez, el RESPONSABLE informa a los usuarios de que la finalidad del tratamiento de los datos recabados contempla: <\/p><p>La atenci\u00f3n de solicitudes realizadas por los usuarios,<\/p><p>La inclusi\u00f3n en la agenda de contactos,<\/p><p>La prestaci\u00f3n de servicios y gesti\u00f3n de la relaci\u00f3n comercial.<\/p><p>Las operaciones, gestiones y procedimientos t\u00e9cnicos que se realicen de forma automatizada o no automatizada y que posibiliten la recogida, el almacenamiento, la modificaci\u00f3n, la transferencia y otras acciones sobre datos de car\u00e1cter personal, tienen la consideraci\u00f3n de tratamiento de datos personales.<\/p><p>Todos los datos personales, que sean recogidos a trav\u00e9s del sitio web de el RESPONSABLE y por tanto tenga la consideraci\u00f3n de tratamiento de datos de car\u00e1cter personal, ser\u00e1n incorporados al Registro de Tratamientos titularidad de el RESPONSABLE.<\/p><p><b>LEGITIMACI\u00d3N<\/b><\/p><p>Se solicita el consentimiento del interesado para el tratamiento de sus datos y la oferta prospectiva de productos y servicios .<\/p><p><b>DESTINATARIOS<\/b><\/p><p>Los datos personales no se ceder\u00e1n a terceros sin el consentimiento del interesado salvo obligaci\u00f3n legal. <\/p><p><b>DERECHOS<\/b><\/p><p>Conforme al RGPD UE 2016\/679 y LOPD GDD 3\/2018<\/p><p>Las personas interesadas pueden ejercer ante el RESPONSABLE los siguientes derechos:<\/p><p>Derecho de Acceso: permite al interesado conocer y obtener informaci\u00f3n sobre sus datos de car\u00e1cter personal sometidos a tratamiento<\/p><p>Derecho de Rectificaci\u00f3n: permite corregir errores, modificar los datos que resulten ser inexactos o incompletos y garantizar la certeza de la informaci\u00f3n objeto del tratamiento<\/p><p>Derecho de Supresi\u00f3n: permite solicitar la eliminaci\u00f3n de los datos objeto de tratamiento cuando ya no sean necesarios.<\/p><p>Derecho de Oposici\u00f3n: derecho del interesado a que no se lleve a cabo el tratamiento de sus datos de car\u00e1cter personal o se cese en el mismo, salvo motivos leg\u00edtimos o para el ejercicio o defensa de posibles reclamaciones, en cuyo caso los mantendremos bloqueados durante el plazo correspondiente mientras persistan las obligacones legales.<\/p><p>Derecho de Limitaci\u00f3n: en determinadas circunstancias, los interesados podr\u00e1n solicitar la limitaci\u00f3n del tratamiento de sus datos, en cuyo caso \u00fanicamente se conservar\u00e1n para el ejercicio y defensa de reclamaciones.<\/p><p>Derecho de Portabilidad de los datos: las personas interesadas pueden solicitar recibir los datos que le incumban y que haya facilitado al Responsable o que , siempre que t\u00e9cnicamente sea posible, se los enviemos a otro Responsable de tratamiento de su elecci\u00f3n en un formato estructurado de uso com\u00fan y lectura mec\u00e1nica.<\/p><p>Derecho a Revocar el consentimiento prestado inicialmente y a Reclamar ante la Autoridad de Control. <a href=\"http:\/\/www.aepd.es\/\">www.aepd.es<\/a>Para ejercer sus derechos deber\u00e1 ponerse en contacto con el Responsable en la direcci\u00f3n que aparece en el primer recuadro, acompa\u00f1ado de copia documento de identidad del interesado.<\/p><p>Mail: <a href=\"mailto:agd@agueda.eu\" target=\"_blank\" rel=\"noopener\">agd@agueda.eu<\/a><\/p><p>Mail Dpo:<a href=\"mailto:eduardo.serviciosjuridicos@gmail.com\" target=\"_blank\" rel=\"noopener\"> eduardo.serviciosjuridicos@gmail.com <\/a> <\/p>\t\t\t\t\t\t\t\t<\/div>\n\t\t\t\t<\/div>\n\t\t\t\t\t<\/div>\n\t\t\t\t<\/div>\n\t\t\t\t<\/div>\n\t\t","protected":false},"excerpt":{"rendered":"<p>Pribatutasun Politika RESPONSABLE DEL TRATAMIENTO Raz\u00f3n social: AGUEDA SERVICIOS EMPRESARIALES SLen adelante: EL RESPONSABLE NIF: B20522033 Direcci\u00f3n: LUIS MARIANO 14 2 B (20302) IRUN GIPUZKOA Mail: agd@agueda.eu Mail Dpo: eduardo.serviciosjuridicos@gmail.com FINALIDAD El RESPONSABLE informa a los usuarios del sitio web sobre su pol\u00edtica respecto del tratamiento y protecci\u00f3n de los datos de car\u00e1cter personal de [&hellip;]<\/p>\n","protected":false},"author":1,"featured_media":0,"parent":0,"menu_order":0,"comment_status":"closed","ping_status":"open","template":"","meta":{"footnotes":""},"class_list":["post-810","page","type-page","status-publish","hentry"],"yoast_head":"<!-- This site is optimized with the Yoast SEO plugin v27.2 - https:\/\/yoast.com\/product\/yoast-seo-wordpress\/ -->\n<title>Pribatutasun Politika - Agueda Enpresa Zerbitzuak<\/title>\n<meta name=\"robots\" content=\"index, follow, max-snippet:-1, max-image-preview:large, max-video-preview:-1\" \/>\n<link rel=\"canonical\" href=\"https:\/\/agueda.eu\/eu\/pribatutasun-politika\/\" \/>\n<meta property=\"og:locale\" content=\"eu_ES\" \/>\n<meta property=\"og:type\" content=\"article\" \/>\n<meta property=\"og:title\" content=\"Pribatutasun Politika - Agueda Enpresa Zerbitzuak\" \/>\n<meta property=\"og:description\" content=\"Pribatutasun Politika RESPONSABLE DEL TRATAMIENTO Raz\u00f3n social: AGUEDA SERVICIOS EMPRESARIALES SLen adelante: EL RESPONSABLE NIF: B20522033 Direcci\u00f3n: LUIS MARIANO 14 2 B (20302) IRUN GIPUZKOA Mail: agd@agueda.eu Mail Dpo: eduardo.serviciosjuridicos@gmail.com FINALIDAD El RESPONSABLE informa a los usuarios del sitio web sobre su pol\u00edtica respecto del tratamiento y protecci\u00f3n de los datos de car\u00e1cter personal de [&hellip;]\" \/>\n<meta property=\"og:url\" content=\"https:\/\/agueda.eu\/eu\/pribatutasun-politika\/\" \/>\n<meta property=\"og:site_name\" content=\"Agueda Enpresa Zerbitzuak\" \/>\n<meta property=\"article:modified_time\" content=\"2025-05-12T11:00:32+00:00\" \/>\n<meta name=\"twitter:card\" content=\"summary_large_image\" \/>\n<meta name=\"twitter:label1\" content=\"Est. reading time\" \/>\n\t<meta name=\"twitter:data1\" content=\"3 minutes\" \/>\n<script type=\"application\/ld+json\" class=\"yoast-schema-graph\">{\"@context\":\"https:\/\/schema.org\",\"@graph\":[{\"@type\":\"WebPage\",\"@id\":\"https:\/\/agueda.eu\/eu\/pribatutasun-politika\/\",\"url\":\"https:\/\/agueda.eu\/eu\/pribatutasun-politika\/\",\"name\":\"Pribatutasun Politika - Agueda Enpresa Zerbitzuak\",\"isPartOf\":{\"@id\":\"https:\/\/agueda.eu\/eu\/#website\"},\"datePublished\":\"2025-02-11T08:31:37+00:00\",\"dateModified\":\"2025-05-12T11:00:32+00:00\",\"breadcrumb\":{\"@id\":\"https:\/\/agueda.eu\/eu\/pribatutasun-politika\/#breadcrumb\"},\"inLanguage\":\"eu-ES\",\"potentialAction\":[{\"@type\":\"ReadAction\",\"target\":[\"https:\/\/agueda.eu\/eu\/pribatutasun-politika\/\"]}]},{\"@type\":\"BreadcrumbList\",\"@id\":\"https:\/\/agueda.eu\/eu\/pribatutasun-politika\/#breadcrumb\",\"itemListElement\":[{\"@type\":\"ListItem\",\"position\":1,\"name\":\"Portada\",\"item\":\"https:\/\/agueda.eu\/eu\/agd-enpresa-zerbitzuak\/\"},{\"@type\":\"ListItem\",\"position\":2,\"name\":\"Pribatutasun Politika\"}]},{\"@type\":\"WebSite\",\"@id\":\"https:\/\/agueda.eu\/eu\/#website\",\"url\":\"https:\/\/agueda.eu\/eu\/\",\"name\":\"Agueda Servicios Empresariales\",\"description\":\"AGD es un despacho profesional creado en 1.994, integrado por economistas, y que cuenta con una oficina en IRUN.\",\"publisher\":{\"@id\":\"https:\/\/agueda.eu\/eu\/#organization\"},\"potentialAction\":[{\"@type\":\"SearchAction\",\"target\":{\"@type\":\"EntryPoint\",\"urlTemplate\":\"https:\/\/agueda.eu\/eu\/?s={search_term_string}\"},\"query-input\":{\"@type\":\"PropertyValueSpecification\",\"valueRequired\":true,\"valueName\":\"search_term_string\"}}],\"inLanguage\":\"eu-ES\"},{\"@type\":\"Organization\",\"@id\":\"https:\/\/agueda.eu\/eu\/#organization\",\"name\":\"Agueda Enpresa Zerbitzuak\",\"url\":\"https:\/\/agueda.eu\/eu\/\",\"logo\":{\"@type\":\"ImageObject\",\"inLanguage\":\"eu-ES\",\"@id\":\"https:\/\/agueda.eu\/eu\/#\/schema\/logo\/image\/\",\"url\":\"https:\/\/agueda.eu\/wp-content\/uploads\/2025\/03\/agd-servicios-empresariales-logotipo.png\",\"contentUrl\":\"https:\/\/agueda.eu\/wp-content\/uploads\/2025\/03\/agd-servicios-empresariales-logotipo.png\",\"width\":500,\"height\":113,\"caption\":\"Agueda Enpresa Zerbitzuak\"},\"image\":{\"@id\":\"https:\/\/agueda.eu\/eu\/#\/schema\/logo\/image\/\"}}]}<\/script>\n<!-- \/ Yoast SEO plugin. -->","yoast_head_json":{"title":"Pribatutasun Politika - Agueda Enpresa Zerbitzuak","robots":{"index":"index","follow":"follow","max-snippet":"max-snippet:-1","max-image-preview":"max-image-preview:large","max-video-preview":"max-video-preview:-1"},"canonical":"https:\/\/agueda.eu\/eu\/pribatutasun-politika\/","og_locale":"eu_ES","og_type":"article","og_title":"Pribatutasun Politika - Agueda Enpresa Zerbitzuak","og_description":"Pribatutasun Politika RESPONSABLE DEL TRATAMIENTO Raz\u00f3n social: AGUEDA SERVICIOS EMPRESARIALES SLen adelante: EL RESPONSABLE NIF: B20522033 Direcci\u00f3n: LUIS MARIANO 14 2 B (20302) IRUN GIPUZKOA Mail: agd@agueda.eu Mail Dpo: eduardo.serviciosjuridicos@gmail.com FINALIDAD El RESPONSABLE informa a los usuarios del sitio web sobre su pol\u00edtica respecto del tratamiento y protecci\u00f3n de los datos de car\u00e1cter personal de [&hellip;]","og_url":"https:\/\/agueda.eu\/eu\/pribatutasun-politika\/","og_site_name":"Agueda Enpresa Zerbitzuak","article_modified_time":"2025-05-12T11:00:32+00:00","twitter_card":"summary_large_image","twitter_misc":{"Est. reading time":"3 minutes"},"schema":{"@context":"https:\/\/schema.org","@graph":[{"@type":"WebPage","@id":"https:\/\/agueda.eu\/eu\/pribatutasun-politika\/","url":"https:\/\/agueda.eu\/eu\/pribatutasun-politika\/","name":"Pribatutasun Politika - Agueda Enpresa Zerbitzuak","isPartOf":{"@id":"https:\/\/agueda.eu\/eu\/#website"},"datePublished":"2025-02-11T08:31:37+00:00","dateModified":"2025-05-12T11:00:32+00:00","breadcrumb":{"@id":"https:\/\/agueda.eu\/eu\/pribatutasun-politika\/#breadcrumb"},"inLanguage":"eu-ES","potentialAction":[{"@type":"ReadAction","target":["https:\/\/agueda.eu\/eu\/pribatutasun-politika\/"]}]},{"@type":"BreadcrumbList","@id":"https:\/\/agueda.eu\/eu\/pribatutasun-politika\/#breadcrumb","itemListElement":[{"@type":"ListItem","position":1,"name":"Portada","item":"https:\/\/agueda.eu\/eu\/agd-enpresa-zerbitzuak\/"},{"@type":"ListItem","position":2,"name":"Pribatutasun Politika"}]},{"@type":"WebSite","@id":"https:\/\/agueda.eu\/eu\/#website","url":"https:\/\/agueda.eu\/eu\/","name":"Agueda Servicios Empresariales","description":"AGD es un despacho profesional creado en 1.994, integrado por economistas, y que cuenta con una oficina en IRUN.","publisher":{"@id":"https:\/\/agueda.eu\/eu\/#organization"},"potentialAction":[{"@type":"SearchAction","target":{"@type":"EntryPoint","urlTemplate":"https:\/\/agueda.eu\/eu\/?s={search_term_string}"},"query-input":{"@type":"PropertyValueSpecification","valueRequired":true,"valueName":"search_term_string"}}],"inLanguage":"eu-ES"},{"@type":"Organization","@id":"https:\/\/agueda.eu\/eu\/#organization","name":"Agueda Enpresa Zerbitzuak","url":"https:\/\/agueda.eu\/eu\/","logo":{"@type":"ImageObject","inLanguage":"eu-ES","@id":"https:\/\/agueda.eu\/eu\/#\/schema\/logo\/image\/","url":"https:\/\/agueda.eu\/wp-content\/uploads\/2025\/03\/agd-servicios-empresariales-logotipo.png","contentUrl":"https:\/\/agueda.eu\/wp-content\/uploads\/2025\/03\/agd-servicios-empresariales-logotipo.png","width":500,"height":113,"caption":"Agueda Enpresa Zerbitzuak"},"image":{"@id":"https:\/\/agueda.eu\/eu\/#\/schema\/logo\/image\/"}}]}},"_links":{"self":[{"href":"https:\/\/agueda.eu\/eu\/wp-json\/wp\/v2\/pages\/810","targetHints":{"allow":["GET"]}}],"collection":[{"href":"https:\/\/agueda.eu\/eu\/wp-json\/wp\/v2\/pages"}],"about":[{"href":"https:\/\/agueda.eu\/eu\/wp-json\/wp\/v2\/types\/page"}],"author":[{"embeddable":true,"href":"https:\/\/agueda.eu\/eu\/wp-json\/wp\/v2\/users\/1"}],"replies":[{"embeddable":true,"href":"https:\/\/agueda.eu\/eu\/wp-json\/wp\/v2\/comments?post=810"}],"version-history":[{"count":1,"href":"https:\/\/agueda.eu\/eu\/wp-json\/wp\/v2\/pages\/810\/revisions"}],"predecessor-version":[{"id":811,"href":"https:\/\/agueda.eu\/eu\/wp-json\/wp\/v2\/pages\/810\/revisions\/811"}],"wp:attachment":[{"href":"https:\/\/agueda.eu\/eu\/wp-json\/wp\/v2\/media?parent=810"}],"curies":[{"name":"wp","href":"https:\/\/api.w.org\/{rel}","templated":true}]}}