{"id":822,"date":"2025-05-07T11:33:32","date_gmt":"2025-05-07T09:33:32","guid":{"rendered":"https:\/\/agueda.eu\/lege-oharra\/"},"modified":"2025-06-02T13:25:50","modified_gmt":"2025-06-02T11:25:50","slug":"lege-oharra","status":"publish","type":"page","link":"https:\/\/agueda.eu\/eu\/lege-oharra\/","title":{"rendered":"Lege Oharra"},"content":{"rendered":"\t\t<div data-elementor-type=\"wp-page\" data-elementor-id=\"822\" class=\"elementor elementor-822 elementor-759\" data-elementor-post-type=\"page\">\n\t\t\t\t<div class=\"elementor-element elementor-element-c4b8845 e-flex e-con-boxed e-con e-parent\" data-id=\"c4b8845\" data-element_type=\"container\" data-e-type=\"container\">\n\t\t\t\t\t<div class=\"e-con-inner\">\n\t\t\t\t<div class=\"elementor-element elementor-element-9b16ca9 elementor-widget elementor-widget-heading\" data-id=\"9b16ca9\" data-element_type=\"widget\" data-e-type=\"widget\" data-widget_type=\"heading.default\">\n\t\t\t\t<div class=\"elementor-widget-container\">\n\t\t\t\t\t<h2 class=\"elementor-heading-title elementor-size-default\">Lege Oharra<\/h2>\t\t\t\t<\/div>\n\t\t\t\t<\/div>\n\t\t\t\t\t<\/div>\n\t\t\t\t<\/div>\n\t\t<div class=\"elementor-element elementor-element-e0e0945 e-flex e-con-boxed e-con e-parent\" data-id=\"e0e0945\" data-element_type=\"container\" data-e-type=\"container\">\n\t\t\t\t\t<div class=\"e-con-inner\">\n\t\t\t\t<div class=\"elementor-element elementor-element-6ad913e9 elementor-widget elementor-widget-text-editor\" data-id=\"6ad913e9\" data-element_type=\"widget\" data-e-type=\"widget\" data-widget_type=\"text-editor.default\">\n\t\t\t\t<div class=\"elementor-widget-container\">\n\t\t\t\t\t\t\t\t\t<p><b>1. Titularidad de la P\u00e1gina Web<\/b><\/p><p>De acuerdo con el art\u00edculo 10 de la Ley 34\/2002, de 11 de julio, de Servicios de la Sociedad de la Informaci\u00f3n y de Comercio Electr\u00f3nico se informa al usuario que la p\u00e1gina web es TITULARIDAD de AGUEDA SERVICIOS EMPRESARIALES SL con NIF: B20522033 y domicilio en: LUIS MARIANO 14 2\u00ba B (20302) IRUN GIPUZKOA, Registro Mercanti n\u00ba_____asiento___ tomo___ de GIPUZKOA en adelante el RESPONSABLE<\/p><p>La presente informaci\u00f3n conforma y regula las condiciones de uso , las limitaciones de responsabilidad y las obligaciones que los usuarios de la pagina web asumen y se comprometen a respetar .<\/p><p><b>2. T\u00e9rminos y condiciones de uso<\/b><\/p><p>El acceso a esta p\u00e1gina web atribuye la condici\u00f3n de USUARIO, quien accede voluntariamente a este sitio web. El acceso y navegaci\u00f3n en este sitio web implica aceptar y conocer las advertencias legales, condiciones y t\u00e9rminos de uso contenidos en dicho sitio web. El mero acceso no implica el establecimiento de ning\u00fan tipo de relaci\u00f3n comercial entre el USUARIO y el TITULAR DE LA WEB. La informaci\u00f3n suministrada en la p\u00e1gina web tiene como finalidad facilitar el conocimiento por parte de los usuarios de las actividades y de los servicios que presta el RESPONSABLE quien se reserva el derecho de efectuar, en cualquier momento cuantas modificaciones, variaciones, supresi\u00f3n o cancelaciones de los contenidos y en la forma de presentaci\u00f3n de los mismos que considere necesaria para la prestaci\u00f3n de los servicios. Esta facultad no otorga a los usuarios ning\u00fan derecho a percibir indemnizaci\u00f3n por da\u00f1os y perjuicios, por lo que se recomienda al USUARIO que lea este Aviso Legal tantas veces como acceda a la web.    <\/p><p><b>3. Uso indebido<\/b><\/p><p>El USUARIO asume la responsabilidad del uso del portal, comprometi\u00e9ndose a realizar un buen uso de la p\u00e1gina web y aportar informaci\u00f3n veraz y l\u00edcita, no permiti\u00e9ndose conductas que vayan contra la ley, los derechos o intereses de terceros.La utilizaci\u00f3n de ciertos servicios o solicitudes a el RESPONSABLE estar\u00e1n condicionadas a la previa cumplimentaci\u00f3n del correspondiente formulario de recogida de datos. A estos efectos, el USUARIO ser\u00e1 responsable de la informaci\u00f3n falsa o inexacta que pudiera realizar o comunicar y de los perjuicios que cause a el RESPONSABLE se reserva el derecho a denegar o retirar el acceso a la web a aquellos USUARIOS que incumplen las condiciones y obligaciones de la presente p\u00e1gina web. <\/p><p><b>4. Exclusi\u00f3n de garant\u00edas y responsabilidad<\/b><\/p><p>El RESPONSABLE no se responsabiliza del mal uso que se realice de los contenidos de la p\u00e1gina web, y no se hace responsable en ning\u00fan caso, de los da\u00f1os y perjuicios de cualquier naturaleza que pudiera ocasionar el funcionamiento de la p\u00e1gina web y\/o sus servicios ni garantizar la utilidad de la p\u00e1gina web, ni que el usuario pueda utilizar en todo momento la web o los servicios que se ofrezcan.<\/p><p>El RESPONSABLE no puede garantizar la fiabilidad, veracidad, exhaustividad y actualidad de los contenidos y, por tanto queda excluida cualquier tipo de responsabilidad que pudiera derivarse por los da\u00f1os causados, directa o indirectamente, por la informaci\u00f3n a la que se acceda por medio de la web.<\/p><p>No obstante, el RESPONSABLE declara que ha adoptado todas las medidas necesarias, dentro de sus posibilidades y del estado de la tecnolog\u00eda, para garantizar el funcionamiento de la p\u00e1gina web y evitar la existencia y transmisi\u00f3n de virus y dem\u00e1s componentes da\u00f1inos a los usuarios.<\/p><p><b>5. Enlaces<\/b><\/p><p>En el caso de que en en el sitio web se dispusiesen enlaces o hiperv\u00ednculos hac\u00eda otros sitios de Internet. La p\u00e1ina web en la que se establezca el hiperenlace no contendr\u00e1 informaciones o contenidos il\u00edcitos, contrarios a la moral o buenas costumbres. <\/p><p>No se realizar\u00e1n manifestaciones o indicaciones falsas, inexactas u ofensivas sobre directivos, empleados, colaboradores o de las personas que se relacionen en la p\u00e1gina por cualquier motivo , o de los usuarios de la p\u00e1gina, o de los contenidos suministrados.<\/p><p><b>6. Propiedad intelectual e industrial<\/b><\/p><p>El Copyright, dise\u00f1o y creaci\u00f3n de la p\u00e1gina web es titularidad de el RESPONSABLE . El acceso gratuito no implica otros derechos o licencias para reproducci\u00f3n y\/o distribuci\u00f3n sin la previa autorizaci\u00f3n expresa del propietario, por lo que, de conformidad con lo dispuesto en los art\u00edculos 8 y 32.1, p\u00e1rrafo segundo, de la Ley de Propiedad Intelectual, quedan expresamente prohibidas la reproducci\u00f3n, distribuci\u00f3n y comunicaci\u00f3n p\u00fablica de la totalidad o parte de los contenidos de esta p\u00e1gina web, con fines comerciales, en cualquier soporte y por cualquier medio t\u00e9cnico sin previa autorizaci\u00f3n, comprometi\u00e9ndose el USUARIO en respetar los derechos de Propiedad Intelectual e Industrial. <\/p><p>Las marcas, logotipos, dise\u00f1os, contenidos, programas u objetos similares que forman parte de esta p\u00e1gina web, est\u00e1n protegidos por leyes de propiedad industrial e intelectual. La reproducci\u00f3n, distribuci\u00f3n, manipulaci\u00f3n o desensamblaje no autorizado de los c\u00f3digos fuente, de los algoritmos incorporados o de la base datos, ya sea total o parcial, dar\u00e1 lugar a graves penalizaciones tanto civiles como penales y ser\u00e1 objeto de cuantas acciones judiciales correspondan en Derecho. <\/p><p><b>7. Pol\u00edtica de privacidad y protecci\u00f3n de datos<\/b><\/p><p>En virtud de lo dispuesto en el Reglamento General de Protecci\u00f3n de Datos (RGPD), Reglamento UE 2016\/679 y LOPD GDD 3\/2018, relativo a la protecci\u00f3n de las personas f\u00edsicas en lo que respecta al tratamiento de datos personales y a la libre circulaci\u00f3n de los mismos, se informa al USUARIO que todos los datos que proporcione ser\u00e1n incorporados a un Registro de Actividades, creado y mantenido bajo la responsabilidad de el RESPONSABLE con el fin de gestionar el env\u00edo de la informaci\u00f3n que soliciten, facilitar al interesado ofertas de productos y servicios de su inter\u00e9s y mejorar su experiencia de usuario. No se tomar\u00e1n decisiones automatizadas ni elaboraci\u00f3n de perfiles en base a los datos aportados. Los datos personales proporcionados se conservar\u00e1n mientras se mantenga la relaci\u00f3n mercantil, en su caso, y no se solicite su supresi\u00f3n por el interesado.  <\/p><p>Para ello, el RESPONSABLE solicitar\u00e1 el consentimiento del interesado a trav\u00e9s del formulario de recogida de datos para el tratamiento de los mismos , estando el USUARIO legitimado para retirar dicho consentimiento en cualquier momento, as\u00ed como a ejercer sus derechos de acceso, rectificaci\u00f3n, portabilidad, , limitaci\u00f3n, supresi\u00f3n, oposici\u00f3n de sus datos, y a presentar una reclamaci\u00f3n ante la autoridad de control , si considera que el tratamiento no se ajusta a la normativa vigente.<\/p><p>Los contenidos de la p\u00e1gina web est\u00e1n dirigidos a personas mayores de edad, el RESPONSABLE no pretende obtener datos de personas menores de edad, y cuando tenga conocimiento de que existen en su fichero datos de car\u00e1cter personal de un menor, proceder\u00e1 de inmediato a cancelar dichos datos.<\/p><p><b>8. Legislaci\u00f3n aplicable y jurisdicci\u00f3n<\/b><\/p><p>La relaci\u00f3n con el USUARIO se regir\u00e1 por la normativa espa\u00f1ola vigente y cualquier controversia se someter\u00e1 a los Juzgado y tribunales de la ciudad de Donostia Gipuzkoa salvo que la legislaci\u00f3n aplicable determine de forma imperativa otro fuero o legislaci\u00f3n distinta.<\/p>\t\t\t\t\t\t\t\t<\/div>\n\t\t\t\t<\/div>\n\t\t\t\t\t<\/div>\n\t\t\t\t<\/div>\n\t\t\t\t<\/div>\n\t\t","protected":false},"excerpt":{"rendered":"<p>Lege Oharra 1. Titularidad de la P\u00e1gina Web De acuerdo con el art\u00edculo 10 de la Ley 34\/2002, de 11 de julio, de Servicios de la Sociedad de la Informaci\u00f3n y de Comercio Electr\u00f3nico se informa al usuario que la p\u00e1gina web es TITULARIDAD de AGUEDA SERVICIOS EMPRESARIALES SL con NIF: B20522033 y domicilio en: [&hellip;]<\/p>\n","protected":false},"author":1,"featured_media":0,"parent":0,"menu_order":0,"comment_status":"closed","ping_status":"closed","template":"","meta":{"footnotes":""},"class_list":["post-822","page","type-page","status-publish","hentry"],"yoast_head":"<!-- This site is optimized with the Yoast SEO plugin v27.2 - https:\/\/yoast.com\/product\/yoast-seo-wordpress\/ -->\n<title>Lege Oharra - Agueda Enpresa Zerbitzuak<\/title>\n<meta name=\"robots\" content=\"index, follow, max-snippet:-1, max-image-preview:large, max-video-preview:-1\" \/>\n<link rel=\"canonical\" href=\"https:\/\/agueda.eu\/eu\/lege-oharra\/\" \/>\n<meta property=\"og:locale\" content=\"eu_ES\" \/>\n<meta property=\"og:type\" content=\"article\" \/>\n<meta property=\"og:title\" content=\"Lege Oharra - Agueda Enpresa Zerbitzuak\" \/>\n<meta property=\"og:description\" content=\"Lege Oharra 1. Titularidad de la P\u00e1gina Web De acuerdo con el art\u00edculo 10 de la Ley 34\/2002, de 11 de julio, de Servicios de la Sociedad de la Informaci\u00f3n y de Comercio Electr\u00f3nico se informa al usuario que la p\u00e1gina web es TITULARIDAD de AGUEDA SERVICIOS EMPRESARIALES SL con NIF: B20522033 y domicilio en: [&hellip;]\" \/>\n<meta property=\"og:url\" content=\"https:\/\/agueda.eu\/eu\/lege-oharra\/\" \/>\n<meta property=\"og:site_name\" content=\"Agueda Enpresa Zerbitzuak\" \/>\n<meta property=\"article:modified_time\" content=\"2025-06-02T11:25:50+00:00\" \/>\n<meta name=\"twitter:card\" content=\"summary_large_image\" \/>\n<meta name=\"twitter:label1\" content=\"Est. reading time\" \/>\n\t<meta name=\"twitter:data1\" content=\"6 minutes\" \/>\n<script type=\"application\/ld+json\" class=\"yoast-schema-graph\">{\"@context\":\"https:\/\/schema.org\",\"@graph\":[{\"@type\":\"WebPage\",\"@id\":\"https:\/\/agueda.eu\/eu\/lege-oharra\/\",\"url\":\"https:\/\/agueda.eu\/eu\/lege-oharra\/\",\"name\":\"Lege Oharra - Agueda Enpresa Zerbitzuak\",\"isPartOf\":{\"@id\":\"https:\/\/agueda.eu\/eu\/#website\"},\"datePublished\":\"2025-05-07T09:33:32+00:00\",\"dateModified\":\"2025-06-02T11:25:50+00:00\",\"breadcrumb\":{\"@id\":\"https:\/\/agueda.eu\/eu\/lege-oharra\/#breadcrumb\"},\"inLanguage\":\"eu-ES\",\"potentialAction\":[{\"@type\":\"ReadAction\",\"target\":[\"https:\/\/agueda.eu\/eu\/lege-oharra\/\"]}]},{\"@type\":\"BreadcrumbList\",\"@id\":\"https:\/\/agueda.eu\/eu\/lege-oharra\/#breadcrumb\",\"itemListElement\":[{\"@type\":\"ListItem\",\"position\":1,\"name\":\"Portada\",\"item\":\"https:\/\/agueda.eu\/eu\/agd-enpresa-zerbitzuak\/\"},{\"@type\":\"ListItem\",\"position\":2,\"name\":\"Lege Oharra\"}]},{\"@type\":\"WebSite\",\"@id\":\"https:\/\/agueda.eu\/eu\/#website\",\"url\":\"https:\/\/agueda.eu\/eu\/\",\"name\":\"Agueda Servicios Empresariales\",\"description\":\"AGD es un despacho profesional creado en 1.994, integrado por economistas, y que cuenta con una oficina en IRUN.\",\"publisher\":{\"@id\":\"https:\/\/agueda.eu\/eu\/#organization\"},\"potentialAction\":[{\"@type\":\"SearchAction\",\"target\":{\"@type\":\"EntryPoint\",\"urlTemplate\":\"https:\/\/agueda.eu\/eu\/?s={search_term_string}\"},\"query-input\":{\"@type\":\"PropertyValueSpecification\",\"valueRequired\":true,\"valueName\":\"search_term_string\"}}],\"inLanguage\":\"eu-ES\"},{\"@type\":\"Organization\",\"@id\":\"https:\/\/agueda.eu\/eu\/#organization\",\"name\":\"Agueda Enpresa Zerbitzuak\",\"url\":\"https:\/\/agueda.eu\/eu\/\",\"logo\":{\"@type\":\"ImageObject\",\"inLanguage\":\"eu-ES\",\"@id\":\"https:\/\/agueda.eu\/eu\/#\/schema\/logo\/image\/\",\"url\":\"https:\/\/agueda.eu\/wp-content\/uploads\/2025\/03\/agd-servicios-empresariales-logotipo.png\",\"contentUrl\":\"https:\/\/agueda.eu\/wp-content\/uploads\/2025\/03\/agd-servicios-empresariales-logotipo.png\",\"width\":500,\"height\":113,\"caption\":\"Agueda Enpresa Zerbitzuak\"},\"image\":{\"@id\":\"https:\/\/agueda.eu\/eu\/#\/schema\/logo\/image\/\"}}]}<\/script>\n<!-- \/ Yoast SEO plugin. -->","yoast_head_json":{"title":"Lege Oharra - Agueda Enpresa Zerbitzuak","robots":{"index":"index","follow":"follow","max-snippet":"max-snippet:-1","max-image-preview":"max-image-preview:large","max-video-preview":"max-video-preview:-1"},"canonical":"https:\/\/agueda.eu\/eu\/lege-oharra\/","og_locale":"eu_ES","og_type":"article","og_title":"Lege Oharra - Agueda Enpresa Zerbitzuak","og_description":"Lege Oharra 1. Titularidad de la P\u00e1gina Web De acuerdo con el art\u00edculo 10 de la Ley 34\/2002, de 11 de julio, de Servicios de la Sociedad de la Informaci\u00f3n y de Comercio Electr\u00f3nico se informa al usuario que la p\u00e1gina web es TITULARIDAD de AGUEDA SERVICIOS EMPRESARIALES SL con NIF: B20522033 y domicilio en: [&hellip;]","og_url":"https:\/\/agueda.eu\/eu\/lege-oharra\/","og_site_name":"Agueda Enpresa Zerbitzuak","article_modified_time":"2025-06-02T11:25:50+00:00","twitter_card":"summary_large_image","twitter_misc":{"Est. reading time":"6 minutes"},"schema":{"@context":"https:\/\/schema.org","@graph":[{"@type":"WebPage","@id":"https:\/\/agueda.eu\/eu\/lege-oharra\/","url":"https:\/\/agueda.eu\/eu\/lege-oharra\/","name":"Lege Oharra - Agueda Enpresa Zerbitzuak","isPartOf":{"@id":"https:\/\/agueda.eu\/eu\/#website"},"datePublished":"2025-05-07T09:33:32+00:00","dateModified":"2025-06-02T11:25:50+00:00","breadcrumb":{"@id":"https:\/\/agueda.eu\/eu\/lege-oharra\/#breadcrumb"},"inLanguage":"eu-ES","potentialAction":[{"@type":"ReadAction","target":["https:\/\/agueda.eu\/eu\/lege-oharra\/"]}]},{"@type":"BreadcrumbList","@id":"https:\/\/agueda.eu\/eu\/lege-oharra\/#breadcrumb","itemListElement":[{"@type":"ListItem","position":1,"name":"Portada","item":"https:\/\/agueda.eu\/eu\/agd-enpresa-zerbitzuak\/"},{"@type":"ListItem","position":2,"name":"Lege Oharra"}]},{"@type":"WebSite","@id":"https:\/\/agueda.eu\/eu\/#website","url":"https:\/\/agueda.eu\/eu\/","name":"Agueda Servicios Empresariales","description":"AGD es un despacho profesional creado en 1.994, integrado por economistas, y que cuenta con una oficina en IRUN.","publisher":{"@id":"https:\/\/agueda.eu\/eu\/#organization"},"potentialAction":[{"@type":"SearchAction","target":{"@type":"EntryPoint","urlTemplate":"https:\/\/agueda.eu\/eu\/?s={search_term_string}"},"query-input":{"@type":"PropertyValueSpecification","valueRequired":true,"valueName":"search_term_string"}}],"inLanguage":"eu-ES"},{"@type":"Organization","@id":"https:\/\/agueda.eu\/eu\/#organization","name":"Agueda Enpresa Zerbitzuak","url":"https:\/\/agueda.eu\/eu\/","logo":{"@type":"ImageObject","inLanguage":"eu-ES","@id":"https:\/\/agueda.eu\/eu\/#\/schema\/logo\/image\/","url":"https:\/\/agueda.eu\/wp-content\/uploads\/2025\/03\/agd-servicios-empresariales-logotipo.png","contentUrl":"https:\/\/agueda.eu\/wp-content\/uploads\/2025\/03\/agd-servicios-empresariales-logotipo.png","width":500,"height":113,"caption":"Agueda Enpresa Zerbitzuak"},"image":{"@id":"https:\/\/agueda.eu\/eu\/#\/schema\/logo\/image\/"}}]}},"_links":{"self":[{"href":"https:\/\/agueda.eu\/eu\/wp-json\/wp\/v2\/pages\/822","targetHints":{"allow":["GET"]}}],"collection":[{"href":"https:\/\/agueda.eu\/eu\/wp-json\/wp\/v2\/pages"}],"about":[{"href":"https:\/\/agueda.eu\/eu\/wp-json\/wp\/v2\/types\/page"}],"author":[{"embeddable":true,"href":"https:\/\/agueda.eu\/eu\/wp-json\/wp\/v2\/users\/1"}],"replies":[{"embeddable":true,"href":"https:\/\/agueda.eu\/eu\/wp-json\/wp\/v2\/comments?post=822"}],"version-history":[{"count":1,"href":"https:\/\/agueda.eu\/eu\/wp-json\/wp\/v2\/pages\/822\/revisions"}],"predecessor-version":[{"id":823,"href":"https:\/\/agueda.eu\/eu\/wp-json\/wp\/v2\/pages\/822\/revisions\/823"}],"wp:attachment":[{"href":"https:\/\/agueda.eu\/eu\/wp-json\/wp\/v2\/media?parent=822"}],"curies":[{"name":"wp","href":"https:\/\/api.w.org\/{rel}","templated":true}]}}